{"id":101,"date":"2024-04-24T09:43:22","date_gmt":"2024-04-24T09:43:22","guid":{"rendered":"https:\/\/eldergida.com\/?page_id=101"},"modified":"2024-07-24T12:59:21","modified_gmt":"2024-07-24T12:59:21","slug":"hakkimizda","status":"publish","type":"page","link":"https:\/\/eldergida.com\/index.php\/hakkimizda\/","title":{"rendered":"Hakk\u0131m\u0131zda"},"content":{"rendered":"<div data-elementor-type=\"wp-page\" data-elementor-id=\"101\" class=\"elementor elementor-101\">\n\t\t\t\t<div class=\"elementor-element elementor-element-59c7053 e-flex e-con-boxed e-con e-parent\" data-id=\"59c7053\" data-element_type=\"container\">\n\t\t\t\t\t<div class=\"e-con-inner\">\n\t\t\t\t<div class=\"elementor-element elementor-element-c3bc5eb elementor-widget elementor-widget-spacer\" data-id=\"c3bc5eb\" data-element_type=\"widget\" data-widget_type=\"spacer.default\">\n\t\t\t\t<div class=\"elementor-widget-container\">\n\t\t\t<style>\/*! elementor - v3.23.0 - 15-07-2024 *\/\n.elementor-column .elementor-spacer-inner{height:var(--spacer-size)}.e-con{--container-widget-width:100%}.e-con-inner>.elementor-widget-spacer,.e-con>.elementor-widget-spacer{width:var(--container-widget-width,var(--spacer-size));--align-self:var(--container-widget-align-self,initial);--flex-shrink:0}.e-con-inner>.elementor-widget-spacer>.elementor-widget-container,.e-con>.elementor-widget-spacer>.elementor-widget-container{height:100%;width:100%}.e-con-inner>.elementor-widget-spacer>.elementor-widget-container>.elementor-spacer,.e-con>.elementor-widget-spacer>.elementor-widget-container>.elementor-spacer{height:100%}.e-con-inner>.elementor-widget-spacer>.elementor-widget-container>.elementor-spacer>.elementor-spacer-inner,.e-con>.elementor-widget-spacer>.elementor-widget-container>.elementor-spacer>.elementor-spacer-inner{height:var(--container-widget-height,var(--spacer-size))}.e-con-inner>.elementor-widget-spacer.elementor-widget-empty,.e-con>.elementor-widget-spacer.elementor-widget-empty{position:relative;min-height:22px;min-width:22px}.e-con-inner>.elementor-widget-spacer.elementor-widget-empty .elementor-widget-empty-icon,.e-con>.elementor-widget-spacer.elementor-widget-empty .elementor-widget-empty-icon{position:absolute;top:0;bottom:0;left:0;right:0;margin:auto;padding:0;width:22px;height:22px}<\/style>\t\t<div class=\"elementor-spacer\">\n\t\t\t<div class=\"elementor-spacer-inner\"><\/div>\n\t\t<\/div>\n\t\t\t\t<\/div>\n\t\t\t\t<\/div>\n\t\t\t\t\t<\/div>\n\t\t\t\t<\/div>\n\t\t<div class=\"elementor-element elementor-element-ef0d568 e-flex e-con-boxed e-con e-parent\" data-id=\"ef0d568\" data-element_type=\"container\">\n\t\t\t\t\t<div class=\"e-con-inner\">\n\t\t<div class=\"elementor-element elementor-element-9c8b3f0 e-con-full e-flex e-con e-child\" data-id=\"9c8b3f0\" data-element_type=\"container\">\n\t\t\t\t<div class=\"elementor-element elementor-element-f705ec1 elementor-widget elementor-widget-image\" data-id=\"f705ec1\" data-element_type=\"widget\" data-widget_type=\"image.default\">\n\t\t\t\t<div class=\"elementor-widget-container\">\n\t\t\t<style>\/*! elementor - v3.23.0 - 15-07-2024 *\/\n.elementor-widget-image{text-align:center}.elementor-widget-image a{display:inline-block}.elementor-widget-image a img[src$=\".svg\"]{width:48px}.elementor-widget-image img{vertical-align:middle;display:inline-block}<\/style>\t\t\t\t\t\t\t\t\t\t<noscript><img fetchpriority=\"high\" decoding=\"async\" width=\"640\" height=\"801\" src=\"https:\/\/eldergida.com\/wp-content\/uploads\/2024\/06\/hakkimizda-818x1024.png\" class=\"attachment-large size-large wp-image-636\" alt srcset=\"https:\/\/eldergida.com\/wp-content\/uploads\/2024\/06\/hakkimizda-818x1024.png 818w, https:\/\/eldergida.com\/wp-content\/uploads\/2024\/06\/hakkimizda-240x300.png 240w, https:\/\/eldergida.com\/wp-content\/uploads\/2024\/06\/hakkimizda-768x961.png 768w, https:\/\/eldergida.com\/wp-content\/uploads\/2024\/06\/hakkimizda-600x751.png 600w, https:\/\/eldergida.com\/wp-content\/uploads\/2024\/06\/hakkimizda.png 1080w\" sizes=\"(max-width: 640px) 100vw, 640px\"><\/noscript><img fetchpriority=\"high\" decoding=\"async\" width=\"640\" height=\"801\" src=\"data:image\/svg+xml,%3Csvg%20xmlns%3D%22http%3A%2F%2Fwww.w3.org%2F2000%2Fsvg%22%20viewBox%3D%220%200%20640%20801%22%3E%3C%2Fsvg%3E\" class=\"attachment-large size-large wp-image-636 lazyload\" alt srcset=\"data:image\/svg+xml,%3Csvg%20xmlns%3D%22http%3A%2F%2Fwww.w3.org%2F2000%2Fsvg%22%20viewBox%3D%220%200%20640%20801%22%3E%3C%2Fsvg%3E 640w\" sizes=\"(max-width: 640px) 100vw, 640px\" data-srcset=\"https:\/\/eldergida.com\/wp-content\/uploads\/2024\/06\/hakkimizda-818x1024.png 818w, https:\/\/eldergida.com\/wp-content\/uploads\/2024\/06\/hakkimizda-240x300.png 240w, https:\/\/eldergida.com\/wp-content\/uploads\/2024\/06\/hakkimizda-768x961.png 768w, https:\/\/eldergida.com\/wp-content\/uploads\/2024\/06\/hakkimizda-600x751.png 600w, https:\/\/eldergida.com\/wp-content\/uploads\/2024\/06\/hakkimizda.png 1080w\" data-src=\"https:\/\/eldergida.com\/wp-content\/uploads\/2024\/06\/hakkimizda-818x1024.png\" loading=\"lazy\">\t\t\t\t\t\t\t\t\t\t\t\t\t<\/div>\n\t\t\t\t<\/div>\n\t\t\t\t<\/div>\n\t\t<div class=\"elementor-element elementor-element-1bf4e2d e-con-full e-flex e-con e-child\" data-id=\"1bf4e2d\" data-element_type=\"container\">\n\t\t\t\t<div class=\"elementor-element elementor-element-f05025e elementor-widget elementor-widget-text-editor\" data-id=\"f05025e\" data-element_type=\"widget\" data-widget_type=\"text-editor.default\">\n\t\t\t\t<div class=\"elementor-widget-container\">\n\t\t\t<style>\/*! elementor - v3.23.0 - 15-07-2024 *\/\n.elementor-widget-text-editor.elementor-drop-cap-view-stacked .elementor-drop-cap{background-color:#69727d;color:#fff}.elementor-widget-text-editor.elementor-drop-cap-view-framed .elementor-drop-cap{color:#69727d;border:3px solid;background-color:transparent}.elementor-widget-text-editor:not(.elementor-drop-cap-view-default) .elementor-drop-cap{margin-top:8px}.elementor-widget-text-editor:not(.elementor-drop-cap-view-default) .elementor-drop-cap-letter{width:1em;height:1em}.elementor-widget-text-editor .elementor-drop-cap{float:left;text-align:center;line-height:1;font-size:50px}.elementor-widget-text-editor .elementor-drop-cap-letter{display:inline-block}<\/style>\t\t\t\t<p>Elder G\u0131da olarak, akoll\u00fc ve alkols\u00fcz i\u00e7eceklerin lojistik ve tedarik ihtiya\u00e7lar\u0131n\u0131 ba\u015far\u0131yla kar\u015f\u0131l\u0131yoruz. M\u00fc\u015fteri memnuniyetini en y\u00fcksek seviyede tutmay\u0131 temel ilke edindi\u011fimiz i\u00e7in her m\u00fc\u015fterinin ihtiya\u00e7lar\u0131n\u0131 \u00f6zenle de\u011ferlendiriyor ve en uygun \u00e7\u00f6z\u00fcmleri sunuyoruz.<\/p><p>&nbsp;<\/p><p>Geni\u015f tedarik a\u011f\u0131m\u0131z ve etkili lojistik operasyonlar\u0131m\u0131z sayesinde, m\u00fc\u015fterilerimizin taleplerini zaman\u0131nda ve eksiksiz bir \u015fekilde kar\u015f\u0131l\u0131yoruz. Sekt\u00f6rdeki g\u00fc\u00e7l\u00fc ortakl\u0131klar\u0131m\u0131z ve s\u00fcrekli iyile\u015ftirme \u00e7abalar\u0131m\u0131z, m\u00fc\u015fterilerimize kaliteli \u00fcr\u00fcnleri en h\u0131zl\u0131 ve g\u00fcvenilir \u015fekilde sunmam\u0131za olanak tan\u0131yor.<\/p><p>&nbsp;<\/p><p>M\u00fc\u015fteri odakl\u0131 yakla\u015f\u0131m\u0131m\u0131z\u0131 s\u00fcrd\u00fcrerek, m\u00fc\u015fterilerimizin de\u011fi\u015fen ihtiya\u00e7lar\u0131na h\u0131zl\u0131 ve esnek bir \u015fekilde cevap veriyoruz. Bunun yan\u0131 s\u0131ra, tedarik zinciri s\u00fcre\u00e7lerimizi s\u00fcrekli olarak optimize ederek operasyonel verimlili\u011fi art\u0131r\u0131yoruz.<\/p>\t\t\t\t\t\t<\/div>\n\t\t\t\t<\/div>\n\t\t\t\t<\/div>\n\t\t\t\t\t<\/div>\n\t\t\t\t<\/div>\n\t\t<div class=\"elementor-element elementor-element-b6b9735 e-flex e-con-boxed e-con e-parent\" data-id=\"b6b9735\" data-element_type=\"container\">\n\t\t\t\t\t<div class=\"e-con-inner\">\n\t\t\t\t<div class=\"elementor-element elementor-element-2f072c8 elementor-widget elementor-widget-spacer\" data-id=\"2f072c8\" data-element_type=\"widget\" data-widget_type=\"spacer.default\">\n\t\t\t\t<div class=\"elementor-widget-container\">\n\t\t\t\t\t<div class=\"elementor-spacer\">\n\t\t\t<div class=\"elementor-spacer-inner\"><\/div>\n\t\t<\/div>\n\t\t\t\t<\/div>\n\t\t\t\t<\/div>\n\t\t\t\t\t<\/div>\n\t\t\t\t<\/div>\n\t\t\t\t<\/div>\n\t\t","protected":false},"excerpt":{"rendered":"<p>Elder G\u0131da olarak, akoll\u00fc ve alkols\u00fcz i\u00e7eceklerin lojistik ve tedarik ihtiya\u00e7lar\u0131n\u0131 ba\u015far\u0131yla kar\u015f\u0131l\u0131yoruz. M\u00fc\u015fteri memnuniyetini en y\u00fcksek seviyede tutmay\u0131 temel ilke edindi\u011fimiz i\u00e7in her m\u00fc\u015fterinin [&hellip;]<\/p>\n","protected":false},"author":1,"featured_media":0,"parent":0,"menu_order":0,"comment_status":"closed","ping_status":"closed","template":"elementor_header_footer","meta":{"_themeisle_gutenberg_block_has_review":false,"footnotes":""},"class_list":["post-101","page","type-page","status-publish","hentry"],"_links":{"self":[{"href":"https:\/\/eldergida.com\/index.php\/wp-json\/wp\/v2\/pages\/101","targetHints":{"allow":["GET"]}}],"collection":[{"href":"https:\/\/eldergida.com\/index.php\/wp-json\/wp\/v2\/pages"}],"about":[{"href":"https:\/\/eldergida.com\/index.php\/wp-json\/wp\/v2\/types\/page"}],"author":[{"embeddable":true,"href":"https:\/\/eldergida.com\/index.php\/wp-json\/wp\/v2\/users\/1"}],"replies":[{"embeddable":true,"href":"https:\/\/eldergida.com\/index.php\/wp-json\/wp\/v2\/comments?post=101"}],"version-history":[{"count":16,"href":"https:\/\/eldergida.com\/index.php\/wp-json\/wp\/v2\/pages\/101\/revisions"}],"predecessor-version":[{"id":1252,"href":"https:\/\/eldergida.com\/index.php\/wp-json\/wp\/v2\/pages\/101\/revisions\/1252"}],"wp:attachment":[{"href":"https:\/\/eldergida.com\/index.php\/wp-json\/wp\/v2\/media?parent=101"}],"curies":[{"name":"wp","href":"https:\/\/api.w.org\/{rel}","templated":true}]}}